{"id":19,"date":"2024-12-09T20:45:48","date_gmt":"2024-12-10T01:45:48","guid":{"rendered":"http:\/\/www.cmg.inotu.gob.cu\/?page_id=19"},"modified":"2025-02-27T20:55:14","modified_gmt":"2025-02-28T01:55:14","slug":"directorios","status":"publish","type":"page","link":"https:\/\/www.cmg.inotu.gob.cu\/index.php\/directorios\/","title":{"rendered":"Directorios"},"content":{"rendered":"\n\n<div class=\"kk-star-ratings kksr-auto kksr-align-left kksr-valign-top\"\n    data-payload='{&quot;align&quot;:&quot;left&quot;,&quot;id&quot;:&quot;19&quot;,&quot;slug&quot;:&quot;default&quot;,&quot;valign&quot;:&quot;top&quot;,&quot;ignore&quot;:&quot;&quot;,&quot;reference&quot;:&quot;auto&quot;,&quot;class&quot;:&quot;&quot;,&quot;count&quot;:&quot;12&quot;,&quot;legendonly&quot;:&quot;&quot;,&quot;readonly&quot;:&quot;&quot;,&quot;score&quot;:&quot;4.2&quot;,&quot;starsonly&quot;:&quot;&quot;,&quot;best&quot;:&quot;5&quot;,&quot;gap&quot;:&quot;5&quot;,&quot;greet&quot;:&quot;&quot;,&quot;legend&quot;:&quot;4.2\\\/5 - (12 votos)&quot;,&quot;size&quot;:&quot;15&quot;,&quot;title&quot;:&quot;Directorios&quot;,&quot;width&quot;:&quot;81.5&quot;,&quot;_legend&quot;:&quot;{score}\\\/{best} - ({count} {votes})&quot;,&quot;font_factor&quot;:&quot;1.25&quot;}'>\n            \n<div class=\"kksr-stars\">\n    \n<div class=\"kksr-stars-inactive\">\n            <div class=\"kksr-star\" data-star=\"1\" style=\"padding-right: 5px\">\n            \n\n<div class=\"kksr-icon\" style=\"width: 15px; height: 15px;\"><\/div>\n        <\/div>\n            <div class=\"kksr-star\" data-star=\"2\" style=\"padding-right: 5px\">\n            \n\n<div class=\"kksr-icon\" style=\"width: 15px; height: 15px;\"><\/div>\n        <\/div>\n            <div class=\"kksr-star\" data-star=\"3\" style=\"padding-right: 5px\">\n            \n\n<div class=\"kksr-icon\" style=\"width: 15px; height: 15px;\"><\/div>\n        <\/div>\n            <div class=\"kksr-star\" data-star=\"4\" style=\"padding-right: 5px\">\n            \n\n<div class=\"kksr-icon\" style=\"width: 15px; height: 15px;\"><\/div>\n        <\/div>\n            <div class=\"kksr-star\" data-star=\"5\" style=\"padding-right: 5px\">\n            \n\n<div class=\"kksr-icon\" style=\"width: 15px; height: 15px;\"><\/div>\n        <\/div>\n    <\/div>\n    \n<div class=\"kksr-stars-active\" style=\"width: 81.5px;\">\n            <div class=\"kksr-star\" style=\"padding-right: 5px\">\n            \n\n<div class=\"kksr-icon\" style=\"width: 15px; height: 15px;\"><\/div>\n        <\/div>\n            <div class=\"kksr-star\" style=\"padding-right: 5px\">\n            \n\n<div class=\"kksr-icon\" style=\"width: 15px; height: 15px;\"><\/div>\n        <\/div>\n            <div class=\"kksr-star\" style=\"padding-right: 5px\">\n            \n\n<div class=\"kksr-icon\" style=\"width: 15px; height: 15px;\"><\/div>\n        <\/div>\n            <div class=\"kksr-star\" style=\"padding-right: 5px\">\n            \n\n<div class=\"kksr-icon\" style=\"width: 15px; height: 15px;\"><\/div>\n        <\/div>\n            <div class=\"kksr-star\" style=\"padding-right: 5px\">\n            \n\n<div class=\"kksr-icon\" style=\"width: 15px; height: 15px;\"><\/div>\n        <\/div>\n    <\/div>\n<\/div>\n                \n\n<div class=\"kksr-legend\" style=\"font-size: 12px;\">\n            4.2\/5 - (12 votos)    <\/div>\n    <\/div>\n\n<p class=\"has-text-align-left\">Directorio telef\u00f3nico de las Direcciones Municipales de Ordenamiento Territorial y Urbanismo (DMOTU)<\/p>\n\n\n\n<hr class=\"wp-block-separator has-alpha-channel-opacity\"\/>\n\n\n\n<figure class=\"wp-block-table is-style-regular\"><table class=\"has-fixed-layout\"><thead><tr><th>Nombre<\/th><th>Direcci\u00f3n<\/th><th>Correo Electr\u00f3nico<\/th><th>Tel\u00e9fonos<\/th><\/tr><\/thead><tbody><tr><td>Delegaci\u00f3n Provincial OTU Camag\u00fcey<\/td><td>Ave. de la Libertad No. 303 e\/ Coronel Bringas y Sociedad Patri\u00f3tica, Reparto La Caridad.<\/td><td>secretaria@cmg.inotu.gob.cu<\/td><td>32 295961<\/td><\/tr><tr><td>DMOTU Jimaguay\u00fa<\/td><td>Calle 13 # 7 e\/ 12 y 14, Jimaguay\u00fa.<\/td><td>dmpf.jimaguayu@cmg.inotu.gob.cu<\/td><td>32 399194 y 32 399096<\/td><\/tr><tr><td>DMOTU Najasa<\/td><td>Avenida Principal # 11, Najasa.<\/td><td>dmpf.najasa@cmg.inotu.gob.cu<\/td><td>32 864369<\/td><\/tr><tr><td>DMOTU Sibanic\u00fa<\/td><td>Jose Tey # 102 e\/ Cristiano Naranjo y Wilian Soler, Sibanic\u00fa.<\/td><td>dmpf.sibanicu@cmg.inotu.gob.cu<\/td><td>32380380<\/td><\/tr><tr><td>DMOTU Gu\u00e1imaro<\/td><td>Iris 1-B e\/ Flores y A, Gu\u00e1imaro.<\/td><td>dmpf.guaimaro@cmg.inotu.gob.cu<\/td><td>32 812545<\/td><\/tr><tr><td>DMOTU Nuevitas<\/td><td>\u00c1ngel Guti\u00e9rrez # 116 e\/ Joaqu\u00edn de Ag\u00fcero y C\u00e9spedes, Nuevitas.<\/td><td>dmpf.nuevitas@cmg.inotu.gob.cu<\/td><td>32 412938 y 32 412948<\/td><\/tr><tr><td>DMOTU Minas<\/td><td>Calle 6 # 9 e\/ Ayesteran y Finlay, Minas.<\/td><td>dmpf.minas@cmg.inotu.gob.cu<\/td><td>32 69617<\/td><\/tr><tr><td>DMOTU Sierra de Cubitas<\/td><td>Calle Principal Mario Herrero Toscano e\/ 7ma y Joaqu\u00edn de Ag\u00fcero, Sierra de Cubitas.<\/td><td>dmpf.scubitas@cmg.inotu.gob.cu<\/td><td>32 615497<\/td><\/tr><tr><td>DMOTU Carlos M. de C\u00e9spedes<\/td><td>Calle 17 # 614&nbsp;e\/ 20 y 18, Carlos M. de C\u00e9spedes.<\/td><td>dmpf.cespedes@cmg.inotu.gob.cu<\/td><td>32 569429 y 32 569226<\/td><\/tr><tr><td>DMOTU Esmeralda<\/td><td>Guillermo Moncada # 84 e\/ Pedro Mesa y Francisco Romero, Esmeralda.<\/td><td>dmpf.esmeralda@cmg.inotu.gob.cu<\/td><td>32 673350 y 32 675187<\/td><\/tr><tr><td>DMOTU Florida<\/td><td>Calixto Garc\u00eda #106 C e\/ Paseo Mart\u00ed y Jos\u00e9 A. Saco, Florida.<\/td><td>dmpf.florida@cmg.inotu.gob.cu<\/td><td>32 513496&nbsp;y 32 516547<\/td><\/tr><tr><td>DMOTU Vertientes<\/td><td>Calle L\u00ednea # 27&nbsp; \/ 5ta y 6ta, Vertientes.<\/td><td>dmpf.vertientes@cmg.inotu.gob.cu<\/td><td>32 307493<\/td><\/tr><tr><td>DMOTU Santa Cruz del Sur<\/td><td>Carretera La Playa # 322-A e\/ E y F, Santa Cruz del Sur.<\/td><td>dmpf.santacruz@cmg.inotu.gob.cu<\/td><td>32 852928&nbsp;y 32 853220<\/td><\/tr><tr><td>DMOTU Camag\u00fcey<\/td><td>Mart\u00ed # 205 e\/ Lugare\u00f1o y Cisneros, Camag\u00fcey.<\/td><td>dmpf.camaguey@cmg.inotu.gob.cu<\/td><td>32 245053 y 32 252451<\/td><\/tr><\/tbody><\/table><\/figure>\n\n\n\n<p><\/p>\n","protected":false},"excerpt":{"rendered":"<p>Directorio telef\u00f3nico de las Direcciones Municipales de Ordenamiento Territorial y Urbanismo (DMOTU) Nombre Direcci\u00f3n Correo Electr\u00f3nico Tel\u00e9fonos Delegaci\u00f3n Provincial OTU Camag\u00fcey Ave. de la Libertad No. 303 e\/ Coronel Bringas y Sociedad Patri\u00f3tica, Reparto La Caridad. secretaria@cmg.inotu.gob.cu 32 295961 DMOTU Jimaguay\u00fa Calle 13 # 7 e\/ 12 y 14, Jimaguay\u00fa. dmpf.jimaguayu@cmg.inotu.gob.cu 32 399194 y 32 [&hellip;]<\/p>\n","protected":false},"author":2,"featured_media":0,"parent":0,"menu_order":0,"comment_status":"open","ping_status":"closed","template":"","meta":{"_monsterinsights_skip_tracking":false,"_monsterinsights_sitenote_active":false,"_monsterinsights_sitenote_note":"","_monsterinsights_sitenote_category":0,"footnotes":""},"class_list":["post-19","page","type-page","status-publish","hentry"],"_links":{"self":[{"href":"https:\/\/www.cmg.inotu.gob.cu\/index.php\/wp-json\/wp\/v2\/pages\/19","targetHints":{"allow":["GET"]}}],"collection":[{"href":"https:\/\/www.cmg.inotu.gob.cu\/index.php\/wp-json\/wp\/v2\/pages"}],"about":[{"href":"https:\/\/www.cmg.inotu.gob.cu\/index.php\/wp-json\/wp\/v2\/types\/page"}],"author":[{"embeddable":true,"href":"https:\/\/www.cmg.inotu.gob.cu\/index.php\/wp-json\/wp\/v2\/users\/2"}],"replies":[{"embeddable":true,"href":"https:\/\/www.cmg.inotu.gob.cu\/index.php\/wp-json\/wp\/v2\/comments?post=19"}],"version-history":[{"count":6,"href":"https:\/\/www.cmg.inotu.gob.cu\/index.php\/wp-json\/wp\/v2\/pages\/19\/revisions"}],"predecessor-version":[{"id":384,"href":"https:\/\/www.cmg.inotu.gob.cu\/index.php\/wp-json\/wp\/v2\/pages\/19\/revisions\/384"}],"wp:attachment":[{"href":"https:\/\/www.cmg.inotu.gob.cu\/index.php\/wp-json\/wp\/v2\/media?parent=19"}],"curies":[{"name":"wp","href":"https:\/\/api.w.org\/{rel}","templated":true}]}}