{"id":43,"date":"2024-12-20T09:05:16","date_gmt":"2024-12-20T14:05:16","guid":{"rendered":"https:\/\/www.cmg.inotu.gob.cu\/?page_id=43"},"modified":"2026-01-16T17:21:47","modified_gmt":"2026-01-16T22:21:47","slug":"trabaja-con-nosotros","status":"publish","type":"page","link":"https:\/\/www.cmg.inotu.gob.cu\/index.php\/trabaja-con-nosotros\/","title":{"rendered":"Trabaja con nosotros"},"content":{"rendered":"\n\n<div class=\"kk-star-ratings kksr-auto kksr-align-left kksr-valign-top\"\n    data-payload='{&quot;align&quot;:&quot;left&quot;,&quot;id&quot;:&quot;43&quot;,&quot;slug&quot;:&quot;default&quot;,&quot;valign&quot;:&quot;top&quot;,&quot;ignore&quot;:&quot;&quot;,&quot;reference&quot;:&quot;auto&quot;,&quot;class&quot;:&quot;&quot;,&quot;count&quot;:&quot;13&quot;,&quot;legendonly&quot;:&quot;&quot;,&quot;readonly&quot;:&quot;&quot;,&quot;score&quot;:&quot;4.3&quot;,&quot;starsonly&quot;:&quot;&quot;,&quot;best&quot;:&quot;5&quot;,&quot;gap&quot;:&quot;5&quot;,&quot;greet&quot;:&quot;&quot;,&quot;legend&quot;:&quot;4.3\\\/5 - (13 votos)&quot;,&quot;size&quot;:&quot;15&quot;,&quot;title&quot;:&quot;Trabaja con nosotros&quot;,&quot;width&quot;:&quot;83.5&quot;,&quot;_legend&quot;:&quot;{score}\\\/{best} - ({count} {votes})&quot;,&quot;font_factor&quot;:&quot;1.25&quot;}'>\n            \n<div class=\"kksr-stars\">\n    \n<div class=\"kksr-stars-inactive\">\n            <div class=\"kksr-star\" data-star=\"1\" style=\"padding-right: 5px\">\n            \n\n<div class=\"kksr-icon\" style=\"width: 15px; height: 15px;\"><\/div>\n        <\/div>\n            <div class=\"kksr-star\" data-star=\"2\" style=\"padding-right: 5px\">\n            \n\n<div class=\"kksr-icon\" style=\"width: 15px; height: 15px;\"><\/div>\n        <\/div>\n            <div class=\"kksr-star\" data-star=\"3\" style=\"padding-right: 5px\">\n            \n\n<div class=\"kksr-icon\" style=\"width: 15px; height: 15px;\"><\/div>\n        <\/div>\n            <div class=\"kksr-star\" data-star=\"4\" style=\"padding-right: 5px\">\n            \n\n<div class=\"kksr-icon\" style=\"width: 15px; height: 15px;\"><\/div>\n        <\/div>\n            <div class=\"kksr-star\" data-star=\"5\" style=\"padding-right: 5px\">\n            \n\n<div class=\"kksr-icon\" style=\"width: 15px; height: 15px;\"><\/div>\n        <\/div>\n    <\/div>\n    \n<div class=\"kksr-stars-active\" style=\"width: 83.5px;\">\n            <div class=\"kksr-star\" style=\"padding-right: 5px\">\n            \n\n<div class=\"kksr-icon\" style=\"width: 15px; height: 15px;\"><\/div>\n        <\/div>\n            <div class=\"kksr-star\" style=\"padding-right: 5px\">\n            \n\n<div class=\"kksr-icon\" style=\"width: 15px; height: 15px;\"><\/div>\n        <\/div>\n            <div class=\"kksr-star\" style=\"padding-right: 5px\">\n            \n\n<div class=\"kksr-icon\" style=\"width: 15px; height: 15px;\"><\/div>\n        <\/div>\n            <div class=\"kksr-star\" style=\"padding-right: 5px\">\n            \n\n<div class=\"kksr-icon\" style=\"width: 15px; height: 15px;\"><\/div>\n        <\/div>\n            <div class=\"kksr-star\" style=\"padding-right: 5px\">\n            \n\n<div class=\"kksr-icon\" style=\"width: 15px; height: 15px;\"><\/div>\n        <\/div>\n    <\/div>\n<\/div>\n                \n\n<div class=\"kksr-legend\" style=\"font-size: 12px;\">\n            4.3\/5 - (13 votos)    <\/div>\n    <\/div>\n\t\t<div data-elementor-type=\"wp-page\" data-elementor-id=\"43\" class=\"elementor elementor-43\">\n\t\t\t\t<div class=\"elementor-element elementor-element-6858d5e7 e-flex e-con-boxed e-con e-parent\" data-id=\"6858d5e7\" data-element_type=\"container\" data-e-type=\"container\">\n\t\t\t\t\t<div class=\"e-con-inner\">\n\t\t\t\t<div class=\"elementor-element elementor-element-38ca7cd1 elementor-widget elementor-widget-text-editor\" data-id=\"38ca7cd1\" data-element_type=\"widget\" data-e-type=\"widget\" data-widget_type=\"text-editor.default\">\n\t\t\t\t\t\t\t\t\t\n<p>Necesitamos fuerza de trabajo especializada para lograr mayor profesionalidad en nuestros tr\u00e1mites y servir a nuestro pueblo como lo merece.<\/p>\n\n<p><strong>DELEGACI\u00d3N PROVINCIAL<\/strong><\/p>\n\n<ul class=\"wp-block-list\">\n<li>Secretaria Ejecutiva (1)<\/li>\n\n<li>Especialista de Cuadro (1)<\/li>\n\n<li>T\u00e9cnico en Cuadro (1)<\/li>\n\n<li>Especialista B en Ciencias Inform\u00e1ticas (1)<\/li>\n\n<li>Auditor Principal (1)<\/li>\n\n<li>Especialista de Atenci\u00f3n a la Poblaci\u00f3n (1)<\/li>\n\n<li>Especialista Superior Territorial de Pol\u00edticas (J&#8217; de Grupo). Direcci\u00f3n de Planeamiento (1)<\/li>\n\n<li>Especialista Superior Territorial de Pol\u00edticas. Direcci\u00f3n de Planeamiento (1)<\/li>\n\n<li>Especialista Territorial de Pol\u00edticas. Direcci\u00f3n de Planeamiento (1)<\/li>\n\n<li>T\u00e9cnico en Ordenamiento Territorial y Urbanismo. Direcci\u00f3n de Planeamiento (3)<\/li>\n\n<li>Director. Gesti\u00f3n del Planeamiento (1)<\/li>\n\n<li>Especialista Superior Territorial de Pol\u00edticas. Gesti\u00f3n del Planeamiento (1)<\/li>\n\n<li>Especialista Territorial de Pol\u00edticas. Gesti\u00f3n del Planeamiento (2)<\/li>\n\n<li>Especialista Territorial en Derecho sobre Urbanismo y Vivienda. Direcci\u00f3n Asuntos Legales (2).<\/li>\n\n<li>T\u00e9cnico en Ordenamiento Territorial y Urbanismo. Direcci\u00f3n Asuntos Legales (1)<\/li>\n\n<li>Especialista Superior Territorial de Pol\u00edticas (J&#8217; de Grupo). Direcci\u00f3n de Catastro (1)<\/li>\n\n<li>Especialista Superior Territorial de Pol\u00edticas. Direcci\u00f3n de Catastro (1)<\/li>\n\n<li>T\u00e9cnico en Catastro. Direcci\u00f3n de Catastro (1)<\/li>\n\n<li>Inspector Estatal Superior Territorial. Direcci\u00f3n de Inspecci\u00f3n (2)<\/li>\n\n<li>Inspector Estatal Territorial. Direcci\u00f3n de Inspecci\u00f3n (3)<\/li>\n\n<li>Mec\u00e1nico A Automotor. Administraci\u00f3n Interna (1)<\/li>\n\n<li>Operador General de Mantenimiento y Reparaci\u00f3n. Administraci\u00f3n Interna (1)<\/li>\n\n<li>Jefe de Departamento de Recursos Humanos. (1)<\/li>\n\n<li>Especialista C en Gesti\u00f3n de los Recursos Humanos (1)<\/li>\n\n<li>T\u00e9cnico A en Econom\u00eda (1)<\/li>\n\n<li>Especialista Superior Territorial de Pol\u00edticas (J&#8217; de Grupo). Oficina Gestora con Regulaciones Especiales (1)<\/li>\n\n<li>Especialista Superior Territorial de Pol\u00edticas. Oficina Gestora con Regulaciones Especiales (1)<\/li>\n\n<li>Especialista Territorial de Pol\u00edticas. Oficina Gestora con Regulaciones Especiales (1)<\/li>\n<\/ul>\n\n<p>Escribanos a: <span style=\"text-decoration: underline;\"><span style=\"color: #0000ff; text-decoration: underline;\">rhumanos@cmg.inotu.gob.cu<\/span><\/span><\/p>\n\t\t\t\t\t\t\t\t<\/div>\n\t\t\t\t\t<\/div>\n\t\t\t\t<\/div>\n\t\t\t\t<\/div>\n\t\t","protected":false},"excerpt":{"rendered":"<p>Necesitamos fuerza de trabajo especializada para lograr mayor profesionalidad en nuestros tr\u00e1mites y servir a nuestro pueblo como lo merece. DELEGACI\u00d3N PROVINCIAL Escribanos a: rhumanos@cmg.inotu.gob.cu DIRECCI\u00d3N MUNICIPAL JIMAGUAY\u00da Escribanos a: dmpf.jimaguayu@cmg.inotu.gob.cu<\/p>\n","protected":false},"author":2,"featured_media":0,"parent":0,"menu_order":0,"comment_status":"open","ping_status":"closed","template":"","meta":{"_monsterinsights_skip_tracking":false,"_monsterinsights_sitenote_active":false,"_monsterinsights_sitenote_note":"","_monsterinsights_sitenote_category":0,"footnotes":""},"class_list":["post-43","page","type-page","status-publish","hentry"],"_links":{"self":[{"href":"https:\/\/www.cmg.inotu.gob.cu\/index.php\/wp-json\/wp\/v2\/pages\/43","targetHints":{"allow":["GET"]}}],"collection":[{"href":"https:\/\/www.cmg.inotu.gob.cu\/index.php\/wp-json\/wp\/v2\/pages"}],"about":[{"href":"https:\/\/www.cmg.inotu.gob.cu\/index.php\/wp-json\/wp\/v2\/types\/page"}],"author":[{"embeddable":true,"href":"https:\/\/www.cmg.inotu.gob.cu\/index.php\/wp-json\/wp\/v2\/users\/2"}],"replies":[{"embeddable":true,"href":"https:\/\/www.cmg.inotu.gob.cu\/index.php\/wp-json\/wp\/v2\/comments?post=43"}],"version-history":[{"count":15,"href":"https:\/\/www.cmg.inotu.gob.cu\/index.php\/wp-json\/wp\/v2\/pages\/43\/revisions"}],"predecessor-version":[{"id":865,"href":"https:\/\/www.cmg.inotu.gob.cu\/index.php\/wp-json\/wp\/v2\/pages\/43\/revisions\/865"}],"wp:attachment":[{"href":"https:\/\/www.cmg.inotu.gob.cu\/index.php\/wp-json\/wp\/v2\/media?parent=43"}],"curies":[{"name":"wp","href":"https:\/\/api.w.org\/{rel}","templated":true}]}}