{"id":72,"date":"2024-12-09T22:49:05","date_gmt":"2024-12-10T03:49:05","guid":{"rendered":"https:\/\/www.cmg.inotu.gob.cu\/?page_id=72"},"modified":"2025-04-30T16:52:16","modified_gmt":"2025-04-30T20:52:16","slug":"inicio","status":"publish","type":"page","link":"https:\/\/www.cmg.inotu.gob.cu\/","title":{"rendered":"Inicio"},"content":{"rendered":"\n\n<div class=\"kk-star-ratings kksr-auto kksr-align-left kksr-valign-top\"\n    data-payload='{&quot;align&quot;:&quot;left&quot;,&quot;id&quot;:&quot;72&quot;,&quot;slug&quot;:&quot;default&quot;,&quot;valign&quot;:&quot;top&quot;,&quot;ignore&quot;:&quot;&quot;,&quot;reference&quot;:&quot;auto&quot;,&quot;class&quot;:&quot;&quot;,&quot;count&quot;:&quot;20&quot;,&quot;legendonly&quot;:&quot;&quot;,&quot;readonly&quot;:&quot;&quot;,&quot;score&quot;:&quot;4.6&quot;,&quot;starsonly&quot;:&quot;&quot;,&quot;best&quot;:&quot;5&quot;,&quot;gap&quot;:&quot;5&quot;,&quot;greet&quot;:&quot;&quot;,&quot;legend&quot;:&quot;4.6\\\/5 - (20 votos)&quot;,&quot;size&quot;:&quot;15&quot;,&quot;title&quot;:&quot;Inicio&quot;,&quot;width&quot;:&quot;89.5&quot;,&quot;_legend&quot;:&quot;{score}\\\/{best} - ({count} {votes})&quot;,&quot;font_factor&quot;:&quot;1.25&quot;}'>\n            \n<div class=\"kksr-stars\">\n    \n<div class=\"kksr-stars-inactive\">\n            <div class=\"kksr-star\" data-star=\"1\" style=\"padding-right: 5px\">\n            \n\n<div class=\"kksr-icon\" style=\"width: 15px; height: 15px;\"><\/div>\n        <\/div>\n            <div class=\"kksr-star\" data-star=\"2\" style=\"padding-right: 5px\">\n            \n\n<div class=\"kksr-icon\" style=\"width: 15px; height: 15px;\"><\/div>\n        <\/div>\n            <div class=\"kksr-star\" data-star=\"3\" style=\"padding-right: 5px\">\n            \n\n<div class=\"kksr-icon\" style=\"width: 15px; height: 15px;\"><\/div>\n        <\/div>\n            <div class=\"kksr-star\" data-star=\"4\" style=\"padding-right: 5px\">\n            \n\n<div class=\"kksr-icon\" style=\"width: 15px; height: 15px;\"><\/div>\n        <\/div>\n            <div class=\"kksr-star\" data-star=\"5\" style=\"padding-right: 5px\">\n            \n\n<div class=\"kksr-icon\" style=\"width: 15px; height: 15px;\"><\/div>\n        <\/div>\n    <\/div>\n    \n<div class=\"kksr-stars-active\" style=\"width: 89.5px;\">\n            <div class=\"kksr-star\" style=\"padding-right: 5px\">\n            \n\n<div class=\"kksr-icon\" style=\"width: 15px; height: 15px;\"><\/div>\n        <\/div>\n            <div class=\"kksr-star\" style=\"padding-right: 5px\">\n            \n\n<div class=\"kksr-icon\" style=\"width: 15px; height: 15px;\"><\/div>\n        <\/div>\n            <div class=\"kksr-star\" style=\"padding-right: 5px\">\n            \n\n<div class=\"kksr-icon\" style=\"width: 15px; height: 15px;\"><\/div>\n        <\/div>\n            <div class=\"kksr-star\" style=\"padding-right: 5px\">\n            \n\n<div class=\"kksr-icon\" style=\"width: 15px; height: 15px;\"><\/div>\n        <\/div>\n            <div class=\"kksr-star\" style=\"padding-right: 5px\">\n            \n\n<div class=\"kksr-icon\" style=\"width: 15px; height: 15px;\"><\/div>\n        <\/div>\n    <\/div>\n<\/div>\n                \n\n<div class=\"kksr-legend\" style=\"font-size: 12px;\">\n            4.6\/5 - (20 votos)    <\/div>\n    <\/div>\n\n\n\n<p>Desde nuestros inicios, hemos trabajado para preservar y mejorar nuestros espacios urbanos. Hoy, seguimos construyendo un futuro mejor con cada proyecto, cada plan y cada decisi\u00f3n. Somos el organismo de la administraci\u00f3n central del estado encargado de proponer la pol\u00edtica del estado y del gobierno en materia de ordenamiento territorial, urbanismo, su gesti\u00f3n, los aspectos de dise\u00f1o y la arquitectura, relacionados con el urbanismo, el catastro y una vez aprobada, dirigir y controlar su aplicaci\u00f3n, as\u00ed como ejercer el papel rector en el enfrentamiento a las ilegalidades en el \u00e1mbito de Ordenamiento Territorial y Urbanismo. Con la mirada en el futuro, seguimos comprometidos con el desarrollo de asentamientos humanos inclusivos, seguros, resilientes y sostenibles.<\/p>\n\n\n\n<p>\u00abOrdenando el futuro\u00bb<\/p>\n\n\n\n<figure class=\"wp-block-gallery has-nested-images columns-default is-cropped wp-block-gallery-1 is-layout-flex wp-block-gallery-is-layout-flex\">\n<figure class=\"wp-block-image is-style-rounded\"><img fetchpriority=\"high\" decoding=\"async\" width=\"1024\" height=\"768\" data-id=\"86\" src=\"https:\/\/www.cmg.inotu.gob.cu\/wp-content\/uploads\/2024\/12\/fb_img_17338035044159081366176638305560-1024x768.jpg\" alt=\"\" class=\"wp-image-86\" srcset=\"https:\/\/www.cmg.inotu.gob.cu\/wp-content\/uploads\/2024\/12\/fb_img_17338035044159081366176638305560-1024x768.jpg 1024w, https:\/\/www.cmg.inotu.gob.cu\/wp-content\/uploads\/2024\/12\/fb_img_17338035044159081366176638305560-300x225.jpg 300w, https:\/\/www.cmg.inotu.gob.cu\/wp-content\/uploads\/2024\/12\/fb_img_17338035044159081366176638305560-768x576.jpg 768w, https:\/\/www.cmg.inotu.gob.cu\/wp-content\/uploads\/2024\/12\/fb_img_17338035044159081366176638305560.jpg 1080w\" sizes=\"(max-width: 1024px) 100vw, 1024px\" \/><figcaption class=\"wp-element-caption\">Trabajadores de la DOTU en la inauguraci\u00f3n de la Jornada de Octubre Urbano 2024.<\/figcaption><\/figure>\n<\/figure>\n\n\n\n<p><\/p>\n","protected":false},"excerpt":{"rendered":"<p>Desde nuestros inicios, hemos trabajado para preservar y mejorar nuestros espacios urbanos. Hoy, seguimos construyendo un futuro mejor con cada proyecto, cada plan y cada decisi\u00f3n. Somos el organismo de la administraci\u00f3n central del estado encargado de proponer la pol\u00edtica del estado y del gobierno en materia de ordenamiento territorial, urbanismo, su gesti\u00f3n, los aspectos [&hellip;]<\/p>\n","protected":false},"author":2,"featured_media":0,"parent":0,"menu_order":0,"comment_status":"closed","ping_status":"closed","template":"","meta":{"_monsterinsights_skip_tracking":false,"_monsterinsights_sitenote_active":false,"_monsterinsights_sitenote_note":"","_monsterinsights_sitenote_category":0,"footnotes":""},"class_list":["post-72","page","type-page","status-publish","hentry"],"_links":{"self":[{"href":"https:\/\/www.cmg.inotu.gob.cu\/index.php\/wp-json\/wp\/v2\/pages\/72","targetHints":{"allow":["GET"]}}],"collection":[{"href":"https:\/\/www.cmg.inotu.gob.cu\/index.php\/wp-json\/wp\/v2\/pages"}],"about":[{"href":"https:\/\/www.cmg.inotu.gob.cu\/index.php\/wp-json\/wp\/v2\/types\/page"}],"author":[{"embeddable":true,"href":"https:\/\/www.cmg.inotu.gob.cu\/index.php\/wp-json\/wp\/v2\/users\/2"}],"replies":[{"embeddable":true,"href":"https:\/\/www.cmg.inotu.gob.cu\/index.php\/wp-json\/wp\/v2\/comments?post=72"}],"version-history":[{"count":13,"href":"https:\/\/www.cmg.inotu.gob.cu\/index.php\/wp-json\/wp\/v2\/pages\/72\/revisions"}],"predecessor-version":[{"id":625,"href":"https:\/\/www.cmg.inotu.gob.cu\/index.php\/wp-json\/wp\/v2\/pages\/72\/revisions\/625"}],"wp:attachment":[{"href":"https:\/\/www.cmg.inotu.gob.cu\/index.php\/wp-json\/wp\/v2\/media?parent=72"}],"curies":[{"name":"wp","href":"https:\/\/api.w.org\/{rel}","templated":true}]}}